{"id":1147,"date":"2021-09-14T19:18:53","date_gmt":"2021-09-14T19:18:53","guid":{"rendered":"https:\/\/littlebitacademy.pl\/faq\/"},"modified":"2022-03-26T17:31:13","modified_gmt":"2022-03-26T17:31:13","slug":"faq","status":"publish","type":"page","link":"https:\/\/littlebitacademy.pl\/en\/faq\/","title":{"rendered":"FAQ"},"content":{"rendered":"<p>[et_pb_section fb_built=&#8221;1&#8243; _builder_version=&#8221;4.10.7&#8243; _module_preset=&#8221;default&#8221; background_image=&#8221;https:\/\/littlebitacademy.pl\/wp-content\/uploads\/2021\/09\/faq-header.svg&#8221; background_position=&#8221;bottom_center&#8221; custom_padding=&#8221;21px|||||&#8221; global_colors_info=&#8221;{}&#8221;][et_pb_row module_id=&#8221;zajecia&#8221; _builder_version=&#8221;4.10.7&#8243; _module_preset=&#8221;default&#8221; custom_padding=&#8221;0px|||||&#8221; locked=&#8221;off&#8221; global_colors_info=&#8221;{}&#8221;][et_pb_column type=&#8221;4_4&#8243; _builder_version=&#8221;4.10.6&#8243; _module_preset=&#8221;default&#8221; global_colors_info=&#8221;{}&#8221;][et_pb_text _builder_version=&#8221;4.10.7&#8243; _module_preset=&#8221;default&#8221; header_font=&#8221;Causten Round Bold|||on|||||&#8221; header_text_align=&#8221;center&#8221; header_text_color=&#8221;#FFFFFF&#8221; header_font_size=&#8221;45px&#8221; header_2_font=&#8221;Causten Round Bold|||on|||||&#8221; header_2_text_align=&#8221;center&#8221; header_2_text_color=&#8221;#FFFFFF&#8221; header_2_font_size=&#8221;45px&#8221; custom_margin=&#8221;||20px|||&#8221; custom_padding=&#8221;28px|||||&#8221; locked=&#8221;off&#8221; global_colors_info=&#8221;{}&#8221;]<\/p>\n<h1>FAQ<\/h1>\n<p>[\/et_pb_text][et_pb_text _builder_version=&#8221;4.10.7&#8243; _module_preset=&#8221;default&#8221; text_font=&#8221;Causten Round Bold||||||||&#8221; text_text_color=&#8221;#FFFFFF&#8221; text_font_size=&#8221;18px&#8221; text_line_height=&#8221;1.3em&#8221; text_orientation=&#8221;center&#8221; width=&#8221;75%&#8221; width_tablet=&#8221;100%&#8221; width_phone=&#8221;&#8221; width_last_edited=&#8221;on|tablet&#8221; module_alignment=&#8221;center&#8221; locked=&#8221;off&#8221; global_colors_info=&#8221;{}&#8221;]<\/p>\n<p>Frequently asked questions<\/p>\n<p>[\/et_pb_text][\/et_pb_column][\/et_pb_row][\/et_pb_section][et_pb_section fb_built=&#8221;1&#8243; _builder_version=&#8221;4.10.7&#8243; _module_preset=&#8221;default&#8221; background_image=&#8221;https:\/\/littlebitacademy.pl\/wp-content\/uploads\/2021\/09\/faq-bg.svg&#8221; background_position=&#8221;top_center&#8221; global_colors_info=&#8221;{}&#8221;][et_pb_row column_structure=&#8221;3_5,2_5&#8243; _builder_version=&#8221;4.10.7&#8243; _module_preset=&#8221;default&#8221; global_colors_info=&#8221;{}&#8221;][et_pb_column type=&#8221;3_5&#8243; _builder_version=&#8221;4.10.7&#8243; _module_preset=&#8221;default&#8221; global_colors_info=&#8221;{}&#8221;][et_pb_toggle title=&#8221;Is it necessary for my child to have experience in programming? &#8221; open_toggle_text_color=&#8221;#424242&#8243; open_toggle_background_color=&#8221;#FFFFFF&#8221; closed_toggle_background_color=&#8221;#FFFFFF&#8221; _builder_version=&#8221;4.10.8&#8243; _module_preset=&#8221;default&#8221; title_text_color=&#8221;#424242&#8243; title_font=&#8221;Causten Round Bold||||||||&#8221; title_font_size=&#8221;20px&#8221; body_font=&#8221;Causten Round Regular||||||||&#8221; body_font_size=&#8221;16px&#8221; custom_padding=&#8221;25px|30px|25px|30px|true|true&#8221; border_radii=&#8221;on|15px|15px|15px|15px&#8221; border_width_all=&#8221;0px&#8221; box_shadow_style=&#8221;preset2&#8243; box_shadow_color=&#8221;rgba(137,131,96,0.21)&#8221; global_colors_info=&#8221;{}&#8221;]<\/p>\n<p><span style=\"font-weight: 400;\">No, it\u2019s not. However, it is worth reading the description of a specific course, since some of the classes are suitable for advanced students. <\/span><\/p>\n<p>[\/et_pb_toggle][et_pb_toggle title=&#8221;Is it possible to quit if it turns out my child is not really into it? &#8221; open_toggle_text_color=&#8221;#424242&#8243; open_toggle_background_color=&#8221;#FFFFFF&#8221; closed_toggle_background_color=&#8221;#FFFFFF&#8221; _builder_version=&#8221;4.10.8&#8243; _module_preset=&#8221;default&#8221; title_text_color=&#8221;#424242&#8243; title_font=&#8221;Causten Round Bold||||||||&#8221; title_font_size=&#8221;20px&#8221; body_font=&#8221;Causten Round Regular||||||||&#8221; body_font_size=&#8221;16px&#8221; custom_padding=&#8221;25px|30px|25px|30px|true|true&#8221; border_radii=&#8221;on|15px|15px|15px|15px&#8221; border_width_all=&#8221;0px&#8221; box_shadow_style=&#8221;preset2&#8243; box_shadow_color=&#8221;rgba(137,131,96,0.21)&#8221; global_colors_info=&#8221;{}&#8221;]<\/p>\n<p><span style=\"font-weight: 400;\">Sure! Your child is supposed to feel comfortable in Little Bit Academy. If there is anything that he\/she doesn\u2019t like or if they have discovered another passions, we totally understand that and we will not impede leaving the course. Please, e-mail us to inform about resignation. <\/span><\/p>\n<p>[\/et_pb_toggle][et_pb_toggle title=&#8221;Is there any discount for siblings? &#8221; open_toggle_text_color=&#8221;#424242&#8243; open_toggle_background_color=&#8221;#FFFFFF&#8221; closed_toggle_background_color=&#8221;#FFFFFF&#8221; _builder_version=&#8221;4.10.8&#8243; _module_preset=&#8221;default&#8221; title_text_color=&#8221;#424242&#8243; title_font=&#8221;Causten Round Bold||||||||&#8221; title_font_size=&#8221;20px&#8221; body_font=&#8221;Causten Round Regular||||||||&#8221; body_font_size=&#8221;16px&#8221; custom_padding=&#8221;25px|30px|25px|30px|true|true&#8221; border_radii=&#8221;on|15px|15px|15px|15px&#8221; border_width_all=&#8221;0px&#8221; box_shadow_style=&#8221;preset2&#8243; box_shadow_color=&#8221;rgba(137,131,96,0.21)&#8221; global_colors_info=&#8221;{}&#8221;]<\/p>\n<p><span style=\"font-weight: 400;\">Yes, there is 10% discount on tuition fee. <\/span><\/p>\n<p>[\/et_pb_toggle][et_pb_toggle title=&#8221;Is it possible for my child to continue learning in LBA after taking a year-long course? &#8221; open_toggle_text_color=&#8221;#424242&#8243; open_toggle_background_color=&#8221;#FFFFFF&#8221; closed_toggle_background_color=&#8221;#FFFFFF&#8221; _builder_version=&#8221;4.11.3&#8243; _module_preset=&#8221;default&#8221; title_text_color=&#8221;#424242&#8243; title_font=&#8221;Causten Round Bold||||||||&#8221; title_font_size=&#8221;20px&#8221; body_font=&#8221;Causten Round Regular||||||||&#8221; body_font_size=&#8221;16px&#8221; custom_padding=&#8221;25px|30px|25px|30px|true|true&#8221; border_radii=&#8221;on|15px|15px|15px|15px&#8221; border_width_all=&#8221;0px&#8221; box_shadow_style=&#8221;preset2&#8243; box_shadow_color=&#8221;rgba(137,131,96,0.21)&#8221; global_colors_info=&#8221;{}&#8221;]<\/p>\n<p><span style=\"font-weight: 400;\">Our curriculum is designed in a way which makes it possible to participate in the classes for even up to 4 years. <\/span><\/p>\n<p>[\/et_pb_toggle][\/et_pb_column][et_pb_column type=&#8221;2_5&#8243; _builder_version=&#8221;4.10.7&#8243; _module_preset=&#8221;default&#8221; background_color=&#8221;#FFFFFF&#8221; custom_padding=&#8221;20px|40px|20px|40px|true|true&#8221; custom_css_main_element=&#8221;box-shadow: rgba(149, 157, 165, 0.2) 0px 8px 24px, rgba(0, 0, 0, 0.16) 0px 1px 4px, #FFAE46 10px 10px 0px 3px;;&#8221; border_radii=&#8221;on|20px|20px|20px|20px&#8221; box_shadow_style=&#8221;preset4&#8243; box_shadow_color=&#8221;#87C540&#8243; global_colors_info=&#8221;{}&#8221;][et_pb_contact_form email=&#8221;info@littlebitacademy.pl&#8221; title=&#8221;Do you have any questions?&#8221; custom_message=&#8221;Nowa wiadomo\u015b\u0107 z littlebitacademy||et_pb_line_break_holder||Imi\u0119 i nazwisko: %%name%%||et_pb_line_break_holder||Email: %%email%%||et_pb_line_break_holder||Wiadomo\u015b\u0107: %%message%%&#8221; submit_button_text=&#8221;Send&#8221; _builder_version=&#8221;4.13.0&#8243; _module_preset=&#8221;default&#8221; title_level=&#8221;h3&#8243; title_font=&#8221;Causten Round Bold|||on|||||&#8221; custom_button=&#8221;on&#8221; button_text_color=&#8221;#FFFFFF&#8221; button_bg_color=&#8221;#ffae46&#8243; button_border_width=&#8221;0px&#8221; button_border_radius=&#8221;100px&#8221; button_font=&#8221;Causten Round Regular||||||||&#8221; button_use_icon=&#8221;off&#8221; text_orientation=&#8221;left&#8221; hover_enabled=&#8221;0&#8243; border_radii=&#8221;on|10px|10px|10px|10px&#8221; global_colors_info=&#8221;{}&#8221; use_spam_service=&#8221;on&#8221; recaptcha_list=&#8221;littlebit|littlebit-0&#8243; sticky_enabled=&#8221;0&#8243;][et_pb_contact_field field_id=&#8221;Name&#8221; field_title=&#8221;Name and Surname&#8221; fullwidth_field=&#8221;on&#8221; _builder_version=&#8221;4.10.6&#8243; global_colors_info=&#8221;{}&#8221; button_text_size__hover_enabled=&#8221;off&#8221; button_one_text_size__hover_enabled=&#8221;off&#8221; button_two_text_size__hover_enabled=&#8221;off&#8221; button_text_color__hover_enabled=&#8221;off&#8221; button_one_text_color__hover_enabled=&#8221;off&#8221; button_two_text_color__hover_enabled=&#8221;off&#8221; button_border_width__hover_enabled=&#8221;off&#8221; button_one_border_width__hover_enabled=&#8221;off&#8221; button_two_border_width__hover_enabled=&#8221;off&#8221; button_border_color__hover_enabled=&#8221;off&#8221; button_one_border_color__hover_enabled=&#8221;off&#8221; button_two_border_color__hover_enabled=&#8221;off&#8221; button_border_radius__hover_enabled=&#8221;off&#8221; button_one_border_radius__hover_enabled=&#8221;off&#8221; button_two_border_radius__hover_enabled=&#8221;off&#8221; button_letter_spacing__hover_enabled=&#8221;off&#8221; button_one_letter_spacing__hover_enabled=&#8221;off&#8221; button_two_letter_spacing__hover_enabled=&#8221;off&#8221; button_bg_color__hover_enabled=&#8221;off&#8221; button_one_bg_color__hover_enabled=&#8221;off&#8221; button_two_bg_color__hover_enabled=&#8221;off&#8221;][\/et_pb_contact_field][et_pb_contact_field field_id=&#8221;Email&#8221; field_title=&#8221;Email&#8221; field_type=&#8221;email&#8221; fullwidth_field=&#8221;on&#8221; _builder_version=&#8221;4.10.6&#8243; global_colors_info=&#8221;{}&#8221; button_text_size__hover_enabled=&#8221;off&#8221; button_one_text_size__hover_enabled=&#8221;off&#8221; button_two_text_size__hover_enabled=&#8221;off&#8221; button_text_color__hover_enabled=&#8221;off&#8221; button_one_text_color__hover_enabled=&#8221;off&#8221; button_two_text_color__hover_enabled=&#8221;off&#8221; button_border_width__hover_enabled=&#8221;off&#8221; button_one_border_width__hover_enabled=&#8221;off&#8221; button_two_border_width__hover_enabled=&#8221;off&#8221; button_border_color__hover_enabled=&#8221;off&#8221; button_one_border_color__hover_enabled=&#8221;off&#8221; button_two_border_color__hover_enabled=&#8221;off&#8221; button_border_radius__hover_enabled=&#8221;off&#8221; button_one_border_radius__hover_enabled=&#8221;off&#8221; button_two_border_radius__hover_enabled=&#8221;off&#8221; button_letter_spacing__hover_enabled=&#8221;off&#8221; button_one_letter_spacing__hover_enabled=&#8221;off&#8221; button_two_letter_spacing__hover_enabled=&#8221;off&#8221; button_bg_color__hover_enabled=&#8221;off&#8221; button_one_bg_color__hover_enabled=&#8221;off&#8221; button_two_bg_color__hover_enabled=&#8221;off&#8221;][\/et_pb_contact_field][et_pb_contact_field field_id=&#8221;Message&#8221; field_title=&#8221;Message&#8221; field_type=&#8221;text&#8221; fullwidth_field=&#8221;on&#8221; _builder_version=&#8221;4.10.6&#8243; global_colors_info=&#8221;{}&#8221; button_text_size__hover_enabled=&#8221;off&#8221; button_one_text_size__hover_enabled=&#8221;off&#8221; button_two_text_size__hover_enabled=&#8221;off&#8221; button_text_color__hover_enabled=&#8221;off&#8221; button_one_text_color__hover_enabled=&#8221;off&#8221; button_two_text_color__hover_enabled=&#8221;off&#8221; button_border_width__hover_enabled=&#8221;off&#8221; button_one_border_width__hover_enabled=&#8221;off&#8221; button_two_border_width__hover_enabled=&#8221;off&#8221; button_border_color__hover_enabled=&#8221;off&#8221; button_one_border_color__hover_enabled=&#8221;off&#8221; button_two_border_color__hover_enabled=&#8221;off&#8221; button_border_radius__hover_enabled=&#8221;off&#8221; button_one_border_radius__hover_enabled=&#8221;off&#8221; button_two_border_radius__hover_enabled=&#8221;off&#8221; button_letter_spacing__hover_enabled=&#8221;off&#8221; button_one_letter_spacing__hover_enabled=&#8221;off&#8221; button_two_letter_spacing__hover_enabled=&#8221;off&#8221; button_bg_color__hover_enabled=&#8221;off&#8221; button_one_bg_color__hover_enabled=&#8221;off&#8221; button_two_bg_color__hover_enabled=&#8221;off&#8221;][\/et_pb_contact_field][\/et_pb_contact_form][\/et_pb_column][\/et_pb_row][\/et_pb_section]<\/p>\n","protected":false},"excerpt":{"rendered":"<p>FAQFrequently asked questionsNo, it\u2019s not. However, it is worth reading the description of a specific course, since some of the classes are suitable for advanced students. Sure! Your child is supposed to feel comfortable in Little Bit Academy. If there is anything that he\/she doesn\u2019t like or if they have discovered another passions, we totally [&hellip;]<\/p>\n","protected":false},"author":1,"featured_media":0,"parent":0,"menu_order":0,"comment_status":"closed","ping_status":"closed","template":"","meta":{"_et_pb_use_builder":"on","_et_pb_old_content":"","_et_gb_content_width":"","inline_featured_image":false,"footnotes":""},"class_list":["post-1147","page","type-page","status-publish","hentry"],"_links":{"self":[{"href":"https:\/\/littlebitacademy.pl\/en\/wp-json\/wp\/v2\/pages\/1147","targetHints":{"allow":["GET"]}}],"collection":[{"href":"https:\/\/littlebitacademy.pl\/en\/wp-json\/wp\/v2\/pages"}],"about":[{"href":"https:\/\/littlebitacademy.pl\/en\/wp-json\/wp\/v2\/types\/page"}],"author":[{"embeddable":true,"href":"https:\/\/littlebitacademy.pl\/en\/wp-json\/wp\/v2\/users\/1"}],"replies":[{"embeddable":true,"href":"https:\/\/littlebitacademy.pl\/en\/wp-json\/wp\/v2\/comments?post=1147"}],"version-history":[{"count":2,"href":"https:\/\/littlebitacademy.pl\/en\/wp-json\/wp\/v2\/pages\/1147\/revisions"}],"predecessor-version":[{"id":1149,"href":"https:\/\/littlebitacademy.pl\/en\/wp-json\/wp\/v2\/pages\/1147\/revisions\/1149"}],"wp:attachment":[{"href":"https:\/\/littlebitacademy.pl\/en\/wp-json\/wp\/v2\/media?parent=1147"}],"curies":[{"name":"wp","href":"https:\/\/api.w.org\/{rel}","templated":true}]}}